{"id":11603,"date":"2025-08-29T16:04:20","date_gmt":"2025-08-29T16:04:20","guid":{"rendered":""},"modified":"2025-08-29T16:04:20","modified_gmt":"2025-08-29T16:04:20","slug":"k-nken-rainbow-mini-tagesrucksack","status":"publish","type":"product","link":"https:\/\/mall3.wufadu.top\/index.php\/product\/k-nken-rainbow-mini-tagesrucksack\/","title":{"rendered":"K\u00c5NKEN RAINBOW MINI &#8211; Tagesrucksack"},"content":{"rendered":"<p>F\u00e4cher : Ger\u00e4umiges Innenfach<br \/>Verschluss : Rei\u00dfverschluss<br \/>Details : Zwei-Wege-Rei\u00dfverschluss<br \/>Volumen : 10 l bei Gr\u00f6\u00dfe One Size<br \/>Gewicht : 280 g<br \/>Trageoptionen : L\u00e4ngenverstellbare Schultergurte<br \/>Artikelnummer : F2551Q004-I11<\/p>\n","protected":false},"excerpt":{"rendered":"<p>F\u00e4cher : Ger\u00e4umiges Innenfach<br \/>Verschluss : Rei\u00dfverschluss<br \/>Details : Zwei-Wege-Rei\u00dfverschluss<br \/>Volumen : 10 l bei Gr\u00f6\u00dfe One Size<br \/>Gewicht : 280 g<br \/>Trageoptionen : L\u00e4ngen<\/p>\n","protected":false},"featured_media":0,"comment_status":"open","ping_status":"closed","template":"","meta":[],"product_brand":[146],"product_cat":[17,16,300],"product_tag":[],"class_list":{"0":"post-11603","1":"product","2":"type-product","3":"status-publish","5":"product_brand-fjaellraeven","6":"product_cat-accessoires-spielzeug","7":"product_cat-kinder","8":"product_cat-taschen-rucksaecke","10":"first","11":"instock","12":"shipping-taxable","13":"purchasable","14":"product-type-variable"},"_links":{"self":[{"href":"https:\/\/mall3.wufadu.top\/index.php\/wp-json\/wp\/v2\/product\/11603","targetHints":{"allow":["GET"]}}],"collection":[{"href":"https:\/\/mall3.wufadu.top\/index.php\/wp-json\/wp\/v2\/product"}],"about":[{"href":"https:\/\/mall3.wufadu.top\/index.php\/wp-json\/wp\/v2\/types\/product"}],"replies":[{"embeddable":true,"href":"https:\/\/mall3.wufadu.top\/index.php\/wp-json\/wp\/v2\/comments?post=11603"}],"wp:attachment":[{"href":"https:\/\/mall3.wufadu.top\/index.php\/wp-json\/wp\/v2\/media?parent=11603"}],"wp:term":[{"taxonomy":"product_brand","embeddable":true,"href":"https:\/\/mall3.wufadu.top\/index.php\/wp-json\/wp\/v2\/product_brand?post=11603"},{"taxonomy":"product_cat","embeddable":true,"href":"https:\/\/mall3.wufadu.top\/index.php\/wp-json\/wp\/v2\/product_cat?post=11603"},{"taxonomy":"product_tag","embeddable":true,"href":"https:\/\/mall3.wufadu.top\/index.php\/wp-json\/wp\/v2\/product_tag?post=11603"}],"curies":[{"name":"wp","href":"https:\/\/api.w.org\/{rel}","templated":true}]}}