{"id":12981,"date":"2025-08-29T16:04:25","date_gmt":"2025-08-29T16:04:25","guid":{"rendered":""},"modified":"2025-08-29T16:04:25","modified_gmt":"2025-08-29T16:04:25","slug":"geldboerse-dance-2","status":"publish","type":"product","link":"https:\/\/mall3.wufadu.top\/index.php\/product\/geldboerse-dance-2\/","title":{"rendered":"Geldb\u00f6rse &#8211; dance"},"content":{"rendered":"<p>F\u00e4cher : M\u00fcnzfach<br \/>Verschluss : Klettverschluss<br \/>Muster : Print<br \/>Artikelnummer : S0S51F00A-K11<\/p>\n","protected":false},"excerpt":{"rendered":"<p>F\u00e4cher : M\u00fcnzfach<br \/>Verschluss : Klettverschluss<br \/>Muster : Print<br \/>Artikelnummer : S0S51F00A-K11<\/p>\n","protected":false},"featured_media":0,"comment_status":"open","ping_status":"closed","template":"","meta":[],"product_brand":[124],"product_cat":[17,16,300],"product_tag":[],"class_list":{"0":"post-12981","1":"product","2":"type-product","3":"status-publish","5":"product_brand-satch","6":"product_cat-accessoires-spielzeug","7":"product_cat-kinder","8":"product_cat-taschen-rucksaecke","10":"first","11":"instock","12":"shipping-taxable","13":"purchasable","14":"product-type-variable"},"_links":{"self":[{"href":"https:\/\/mall3.wufadu.top\/index.php\/wp-json\/wp\/v2\/product\/12981","targetHints":{"allow":["GET"]}}],"collection":[{"href":"https:\/\/mall3.wufadu.top\/index.php\/wp-json\/wp\/v2\/product"}],"about":[{"href":"https:\/\/mall3.wufadu.top\/index.php\/wp-json\/wp\/v2\/types\/product"}],"replies":[{"embeddable":true,"href":"https:\/\/mall3.wufadu.top\/index.php\/wp-json\/wp\/v2\/comments?post=12981"}],"wp:attachment":[{"href":"https:\/\/mall3.wufadu.top\/index.php\/wp-json\/wp\/v2\/media?parent=12981"}],"wp:term":[{"taxonomy":"product_brand","embeddable":true,"href":"https:\/\/mall3.wufadu.top\/index.php\/wp-json\/wp\/v2\/product_brand?post=12981"},{"taxonomy":"product_cat","embeddable":true,"href":"https:\/\/mall3.wufadu.top\/index.php\/wp-json\/wp\/v2\/product_cat?post=12981"},{"taxonomy":"product_tag","embeddable":true,"href":"https:\/\/mall3.wufadu.top\/index.php\/wp-json\/wp\/v2\/product_tag?post=12981"}],"curies":[{"name":"wp","href":"https:\/\/api.w.org\/{rel}","templated":true}]}}