{"id":8772,"date":"2025-08-29T16:04:08","date_gmt":"2025-08-29T16:04:08","guid":{"rendered":""},"modified":"2025-08-29T16:04:08","modified_gmt":"2025-08-29T16:04:08","slug":"federmaeppchen-dunkelgruen","status":"publish","type":"product","link":"https:\/\/mall3.wufadu.top\/index.php\/product\/federmaeppchen-dunkelgruen\/","title":{"rendered":"Federm\u00e4ppchen &#8211; dunkelgr\u00fcn"},"content":{"rendered":"<p>Verschluss : Rei\u00dfverschluss<br \/>Artikelnummer : S0S53P00A-M13<\/p>\n","protected":false},"excerpt":{"rendered":"<p>Verschluss : Rei\u00dfverschluss<br \/>Artikelnummer : S0S53P00A-M13<\/p>\n","protected":false},"featured_media":0,"comment_status":"open","ping_status":"closed","template":"","meta":[],"product_brand":[124],"product_cat":[17,16,272],"product_tag":[],"class_list":{"0":"post-8772","1":"product","2":"type-product","3":"status-publish","5":"product_brand-satch","6":"product_cat-accessoires-spielzeug","7":"product_cat-kinder","8":"product_cat-schulranzen-accessoires","10":"first","11":"instock","12":"shipping-taxable","13":"purchasable","14":"product-type-variable"},"_links":{"self":[{"href":"https:\/\/mall3.wufadu.top\/index.php\/wp-json\/wp\/v2\/product\/8772","targetHints":{"allow":["GET"]}}],"collection":[{"href":"https:\/\/mall3.wufadu.top\/index.php\/wp-json\/wp\/v2\/product"}],"about":[{"href":"https:\/\/mall3.wufadu.top\/index.php\/wp-json\/wp\/v2\/types\/product"}],"replies":[{"embeddable":true,"href":"https:\/\/mall3.wufadu.top\/index.php\/wp-json\/wp\/v2\/comments?post=8772"}],"wp:attachment":[{"href":"https:\/\/mall3.wufadu.top\/index.php\/wp-json\/wp\/v2\/media?parent=8772"}],"wp:term":[{"taxonomy":"product_brand","embeddable":true,"href":"https:\/\/mall3.wufadu.top\/index.php\/wp-json\/wp\/v2\/product_brand?post=8772"},{"taxonomy":"product_cat","embeddable":true,"href":"https:\/\/mall3.wufadu.top\/index.php\/wp-json\/wp\/v2\/product_cat?post=8772"},{"taxonomy":"product_tag","embeddable":true,"href":"https:\/\/mall3.wufadu.top\/index.php\/wp-json\/wp\/v2\/product_tag?post=8772"}],"curies":[{"name":"wp","href":"https:\/\/api.w.org\/{rel}","templated":true}]}}